{"id":529,"date":"2025-03-23T22:23:02","date_gmt":"2025-03-23T21:23:02","guid":{"rendered":"https:\/\/softouring.fr\/?page_id=529"},"modified":"2025-12-04T15:00:01","modified_gmt":"2025-12-04T14:00:01","slug":"a-propos","status":"publish","type":"page","link":"https:\/\/softouring.fr\/index.php\/a-propos\/","title":{"rendered":"A propos"},"content":{"rendered":"\t\t<div data-elementor-type=\"wp-page\" data-elementor-id=\"529\" class=\"elementor elementor-529\">\n\t\t\t\t<div class=\"elementor-element elementor-element-07f06b5 e-flex e-con-boxed e-con e-parent\" data-id=\"07f06b5\" data-element_type=\"container\" data-settings=\"{&quot;background_background&quot;:&quot;classic&quot;}\">\n\t\t\t\t\t<div class=\"e-con-inner\">\n\t\t\t\t<div class=\"elementor-element elementor-element-01923a7 elementor-widget elementor-widget-text-editor\" data-id=\"01923a7\" data-element_type=\"widget\" data-widget_type=\"text-editor.default\">\n\t\t\t\t<div class=\"elementor-widget-container\">\n\t\t\t\t\t\t\t\t\t<p>Plus qu\u2019une pr\u00e9sentation institutionnelle, nous allons vous raconter la naissance de Softouring.<\/p><p>Notre c\u0153ur de m\u00e9tier de r\u00e9f\u00e9rence est l\u2019organisation de visites guid\u00e9es exclusivement avec des guides conf\u00e9renciers dipl\u00f4m\u00e9s d\u2019\u00e9tat pour des Tours Op\u00e9rateurs haut de gamme. Forts de notre succ\u00e8s dans l\u2019organisation de visites guid\u00e9es, nous avons du faire face \u00e0 deux imp\u00e9ratifs : la d\u00e9mat\u00e9rialisation des services et des \u00e9changes coupl\u00e9s \u00e0 la n\u00e9cessit\u00e9 de d\u00e9gager plus de temps \u00e0 nos Clients.<\/p><p>Notre outil de gestion n\u2019\u00e9tait plus au niveau et nous devions en changer. Son obsolescence technique, son manque d\u2019automatisation nous ont conduit \u00e0 chercher une nouvelle solution. La recherche de progiciels sur notre secteur a \u00e9t\u00e9 sans succ\u00e8s, pas plus que celle \u00e9largie \u00e0 d\u2019autres outils qui pourtant pr\u00e9sentaient des fonctionnalit\u00e9s proches de celles que nous recherchions.<\/p><p>Nous avons donc d\u00e9cid\u00e9 de modeler notre propre outil et de confier sa r\u00e9alisation \u00e0 un professionnel du num\u00e9rique. Notre demande s\u2019articulait autour de 2 axes :<\/p><ul><li>Une conception centr\u00e9e sur un r\u00e9f\u00e9rentiel d\u2019exigences pr\u00e9cis (mais souple et \u00e9volutif), intuitif pour les utilisateurs internes et externes<\/li><li>Un accompagnement dans la dur\u00e9e car nous avons la conviction que notre solution peut r\u00e9pondre \u00e0 d\u2019autres acteurs B to B.<\/li><\/ul><p><span style=\"color: var( --e-global-color-text ); font-size: 1rem; text-align: var(--text-align);\">Mais Softouring est surtout n\u00e9 d\u2019une rencontre entre des acteurs du tourismes, sp\u00e9cialistes des visites guid\u00e9es, Isabelle et Fabien et un passionn\u00e9 de l\u2019organisation des entreprises et des solutions informatique de gestion, Philippe.<\/span><\/p><p>Aujourd\u2019hui, Softouring tient toutes ses promesses et nous avons en efficacit\u00e9, fiabilit\u00e9 et en qualit\u00e9 de service. L\u2019int\u00e9r\u00eat et la valeur de Softouring n\u2019est plus \u00e0 d\u00e9montrer.<\/p><p>Nous avons voulu proposer une offre compl\u00e8te qui embarque, non seulement la solution Softouring mais aussi la possibilit\u00e9 d\u2019\u00eatre accompagn\u00e9 sur plusieurs volets comme la formation, l\u2019aide \u00e0 la reprise de donn\u00e9es, l\u2019accompagnement au changement, l\u2019aide \u00e0 l\u2019optimisation du mode de fonctionnement et \u00e0 l\u2019expression de besoins compl\u00e9mentaires, &#8230;<\/p>\t\t\t\t\t\t\t\t<\/div>\n\t\t\t\t<\/div>\n\t\t\t\t\t<\/div>\n\t\t\t\t<\/div>\n\t\t<div class=\"elementor-element elementor-element-5ea934a e-flex e-con-boxed e-con e-parent\" data-id=\"5ea934a\" data-element_type=\"container\" data-settings=\"{&quot;background_background&quot;:&quot;classic&quot;}\">\n\t\t\t\t\t<div class=\"e-con-inner\">\n\t\t\t\t<div class=\"elementor-element elementor-element-d758186 elementor-widget elementor-widget-button\" data-id=\"d758186\" data-element_type=\"widget\" data-widget_type=\"button.default\">\n\t\t\t\t<div class=\"elementor-widget-container\">\n\t\t\t\t\t\t\t\t\t<div class=\"elementor-button-wrapper\">\n\t\t\t\t\t<a class=\"elementor-button elementor-button-link elementor-size-sm\" href=\"https:\/\/softouring.fr\/index.php\/demande-information\/\">\n\t\t\t\t\t\t<span class=\"elementor-button-content-wrapper\">\n\t\t\t\t\t\t<span class=\"elementor-button-icon\">\n\t\t\t\t<svg aria-hidden=\"true\" class=\"e-font-icon-svg e-far-calendar-check\" viewBox=\"0 0 448 512\" xmlns=\"http:\/\/www.w3.org\/2000\/svg\"><path d=\"M400 64h-48V12c0-6.627-5.373-12-12-12h-40c-6.627 0-12 5.373-12 12v52H160V12c0-6.627-5.373-12-12-12h-40c-6.627 0-12 5.373-12 12v52H48C21.49 64 0 85.49 0 112v352c0 26.51 21.49 48 48 48h352c26.51 0 48-21.49 48-48V112c0-26.51-21.49-48-48-48zm-6 400H54a6 6 0 0 1-6-6V160h352v298a6 6 0 0 1-6 6zm-52.849-200.65L198.842 404.519c-4.705 4.667-12.303 4.637-16.971-.068l-75.091-75.699c-4.667-4.705-4.637-12.303.068-16.971l22.719-22.536c4.705-4.667 12.303-4.637 16.97.069l44.104 44.461 111.072-110.181c4.705-4.667 12.303-4.637 16.971.068l22.536 22.718c4.667 4.705 4.636 12.303-.069 16.97z\"><\/path><\/svg>\t\t\t<\/span>\n\t\t\t\t\t\t\t\t\t<span class=\"elementor-button-text\">Contactez-nous<\/span>\n\t\t\t\t\t<\/span>\n\t\t\t\t\t<\/a>\n\t\t\t\t<\/div>\n\t\t\t\t\t\t\t\t<\/div>\n\t\t\t\t<\/div>\n\t\t\t\t\t<\/div>\n\t\t\t\t<\/div>\n\t\t<div class=\"elementor-element elementor-element-37cdb28 e-flex e-con-boxed e-con e-parent\" data-id=\"37cdb28\" data-element_type=\"container\">\n\t\t\t\t\t<div class=\"e-con-inner\">\n\t\t\t\t<div class=\"elementor-element elementor-element-ed29bba e-grid-align-right elementor-shape-rounded elementor-grid-0 elementor-widget elementor-widget-social-icons\" data-id=\"ed29bba\" data-element_type=\"widget\" data-widget_type=\"social-icons.default\">\n\t\t\t\t<div class=\"elementor-widget-container\">\n\t\t\t\t\t\t\t<div class=\"elementor-social-icons-wrapper elementor-grid\">\n\t\t\t\t\t\t\t<span class=\"elementor-grid-item\">\n\t\t\t\t\t<a class=\"elementor-icon elementor-social-icon elementor-social-icon-linkedin elementor-repeater-item-4d9134a\" href=\"https:\/\/www.linkedin.com\/company\/110017043\/admin\/dashboard\/\" target=\"_blank\">\n\t\t\t\t\t\t<span class=\"elementor-screen-only\">Linkedin<\/span>\n\t\t\t\t\t\t<svg aria-hidden=\"true\" class=\"e-font-icon-svg e-fab-linkedin\" viewBox=\"0 0 448 512\" xmlns=\"http:\/\/www.w3.org\/2000\/svg\"><path d=\"M416 32H31.9C14.3 32 0 46.5 0 64.3v383.4C0 465.5 14.3 480 31.9 480H416c17.6 0 32-14.5 32-32.3V64.3c0-17.8-14.4-32.3-32-32.3zM135.4 416H69V202.2h66.5V416zm-33.2-243c-21.3 0-38.5-17.3-38.5-38.5S80.9 96 102.2 96c21.2 0 38.5 17.3 38.5 38.5 0 21.3-17.2 38.5-38.5 38.5zm282.1 243h-66.4V312c0-24.8-.5-56.7-34.5-56.7-34.6 0-39.9 27-39.9 54.9V416h-66.4V202.2h63.7v29.2h.9c8.9-16.8 30.6-34.5 62.9-34.5 67.2 0 79.7 44.3 79.7 101.9V416z\"><\/path><\/svg>\t\t\t\t\t<\/a>\n\t\t\t\t<\/span>\n\t\t\t\t\t<\/div>\n\t\t\t\t\t\t<\/div>\n\t\t\t\t<\/div>\n\t\t\t\t\t<\/div>\n\t\t\t\t<\/div>\n\t\t\t\t<\/div>\n\t\t","protected":false},"excerpt":{"rendered":"<p>Plus qu\u2019une pr\u00e9sentation institutionnelle, nous allons vous raconter la naissance de Softouring. Notre c\u0153ur de m\u00e9tier de r\u00e9f\u00e9rence est l\u2019organisation de visites guid\u00e9es exclusivement avec des guides conf\u00e9renciers dipl\u00f4m\u00e9s d\u2019\u00e9tat pour des Tours Op\u00e9rateurs haut de gamme. Forts de notre succ\u00e8s dans l\u2019organisation de visites guid\u00e9es, nous avons du faire face \u00e0 deux imp\u00e9ratifs : [&hellip;]<\/p>\n","protected":false},"author":1,"featured_media":0,"parent":0,"menu_order":0,"comment_status":"closed","ping_status":"closed","template":"","meta":{"footnotes":""},"class_list":["post-529","page","type-page","status-publish","hentry"],"_links":{"self":[{"href":"https:\/\/softouring.fr\/index.php\/wp-json\/wp\/v2\/pages\/529","targetHints":{"allow":["GET"]}}],"collection":[{"href":"https:\/\/softouring.fr\/index.php\/wp-json\/wp\/v2\/pages"}],"about":[{"href":"https:\/\/softouring.fr\/index.php\/wp-json\/wp\/v2\/types\/page"}],"author":[{"embeddable":true,"href":"https:\/\/softouring.fr\/index.php\/wp-json\/wp\/v2\/users\/1"}],"replies":[{"embeddable":true,"href":"https:\/\/softouring.fr\/index.php\/wp-json\/wp\/v2\/comments?post=529"}],"version-history":[{"count":28,"href":"https:\/\/softouring.fr\/index.php\/wp-json\/wp\/v2\/pages\/529\/revisions"}],"predecessor-version":[{"id":701,"href":"https:\/\/softouring.fr\/index.php\/wp-json\/wp\/v2\/pages\/529\/revisions\/701"}],"wp:attachment":[{"href":"https:\/\/softouring.fr\/index.php\/wp-json\/wp\/v2\/media?parent=529"}],"curies":[{"name":"wp","href":"https:\/\/api.w.org\/{rel}","templated":true}]}}