{"id":479,"date":"2025-02-26T16:54:45","date_gmt":"2025-02-26T15:54:45","guid":{"rendered":"https:\/\/softouring.fr\/?page_id=479"},"modified":"2025-12-04T15:01:05","modified_gmt":"2025-12-04T14:01:05","slug":"mentions-legales","status":"publish","type":"page","link":"https:\/\/softouring.fr\/index.php\/mentions-legales\/","title":{"rendered":"Mentions l\u00e9gales"},"content":{"rendered":"\t\t<div data-elementor-type=\"wp-page\" data-elementor-id=\"479\" class=\"elementor elementor-479\">\n\t\t\t\t<div class=\"elementor-element elementor-element-3775c02 e-flex e-con-boxed e-con e-parent\" data-id=\"3775c02\" data-element_type=\"container\" data-settings=\"{&quot;background_background&quot;:&quot;classic&quot;}\">\n\t\t\t\t\t<div class=\"e-con-inner\">\n\t\t\t\t<div class=\"elementor-element elementor-element-f2ac6c8 elementor-widget elementor-widget-text-editor\" data-id=\"f2ac6c8\" data-element_type=\"widget\" data-widget_type=\"text-editor.default\">\n\t\t\t\t<div class=\"elementor-widget-container\">\n\t\t\t\t\t\t\t\t\t<h2>Identit\u00e9<\/h2><p>Nom du site web :\u00a0<strong>softouring<\/strong><br \/>Adresse :\u00a0<a href=\"http:\/\/www.softouring.fr\/\" target=\"_blank\" rel=\"noopener\" data-wpel-link=\"internal\">http:\/\/www.softouring.fr\/<\/a><br \/>Propri\u00e9taire : Softouring<br \/>Responsable de publication : Softouring | <a href=\"https:\/\/softouring.fr\/index.php\/demande-information\/\" data-wpel-link=\"internal\">Contacter\u2026<\/a><\/p><p>Conception et r\u00e9alisation : Softouring<br \/>Animation : Softouring<\/p><h2>Personne morale<\/h2><p>Softouring \u2013 SAS au capital de XXX euros \u2013 RCS de Paris \u2013 13 rue Beudant \u2013 78017 Paris \u2013 06 68 14 46 20 \u2013 contact@parisontheway.fr<\/p><h2>Conditions d\u2019utilisation<\/h2><p>L\u2019utilisation du pr\u00e9sent site implique l\u2019acceptation pleine et enti\u00e8re des conditions g\u00e9n\u00e9rales d\u2019utilisation d\u00e9crites ci-apr\u00e8s.<\/p><p>Ces conditions d\u2019utilisation sont susceptibles d\u2019\u00eatre modifi\u00e9es ou compl\u00e9t\u00e9es \u00e0 tout moment.<\/p><h2>Informations<\/h2><p>Les informations et documents du site sont pr\u00e9sent\u00e9s \u00e0 titre indicatif, n\u2019ont pas de caract\u00e8re exhaustif, et ne peuvent engager la responsabilit\u00e9 du propri\u00e9taire du site.<\/p><p>Le propri\u00e9taire du site ne peut \u00eatre tenu responsable des dommages directs et indirects cons\u00e9cutifs \u00e0 l\u2019acc\u00e8s au site.<\/p><h2>Interactivit\u00e9<\/h2><p>Les utilisateurs du site peuvent y d\u00e9poser du contenu, apparaissant sur le site dans des espaces d\u00e9di\u00e9s (notamment via les commentaires).<\/p><p>Le contenu d\u00e9pos\u00e9 reste sous la responsabilit\u00e9 de leurs auteurs, qui en assument pleinement l\u2019enti\u00e8re responsabilit\u00e9 juridique.<\/p><p>Le propri\u00e9taire du site se r\u00e9serve n\u00e9anmoins le droit de retirer sans pr\u00e9avis et sans justification tout contenu d\u00e9pos\u00e9 par les utilisateurs qui ne satisferait pas \u00e0 la charte d\u00e9ontologique du site ou \u00e0 la l\u00e9gislation en vigueur.<\/p><h2>Propri\u00e9t\u00e9 intellectuelle<\/h2><p><strong>Softouring\u00a9 est une marque propri\u00e9taire.<\/strong><\/p><p>Sauf mention contraire, tous les \u00e9l\u00e9ments accessibles sur le site (textes, images, graphismes, logo, ic\u00f4nes, sons, logiciels, etc.) restent la propri\u00e9t\u00e9 exclusive de leurs auteurs, en ce qui concerne les droits de propri\u00e9t\u00e9 intellectuelle ou les droits d\u2019usage.\u00a0<sup id=\"fnref-53-1\"><a href=\"https:\/\/softouring.fr\/index.php\/mentions-legales\/\">1<\/a><\/sup><\/p><p>Toute reproduction, repr\u00e9sentation, modification, publication, adaptation de tout ou partie des \u00e9l\u00e9ments du site, quel que soit le moyen ou le proc\u00e9d\u00e9 utilis\u00e9, est interdite, sauf autorisation \u00e9crite pr\u00e9alable de l\u2019auteur.<sup id=\"fnref-53-2\"><a href=\"https:\/\/softouring.fr\/index.php\/mentions-legales\/\">2<\/a><\/sup><sup id=\"fnref-53-3\"><\/sup><\/p><p>Toute exploitation non autoris\u00e9e du site ou de l\u2019un quelconque des \u00e9l\u00e9ments qu\u2019il contient est consid\u00e9r\u00e9e comme constitutive d\u2019une contrefa\u00e7on et poursuivie.\u00a0<sup id=\"fnref-53-9\"><a href=\"https:\/\/softouring.fr\/index.php\/mentions-legales\/\">3<\/a><\/sup><\/p><p>Les marques et logos reproduits sur le site sont d\u00e9pos\u00e9s par les soci\u00e9t\u00e9s qui en sont propri\u00e9taires.<\/p><h2>Liens<\/h2><p><strong>Liens sortants<\/strong><\/p><p>Le propri\u00e9taire du site d\u00e9cline toute responsabilit\u00e9 et n\u2019est pas engag\u00e9 par le r\u00e9f\u00e9rencement via des liens hypertextes, de ressources tierces pr\u00e9sentes sur le r\u00e9seau Internet, tant en ce qui concerne leur contenu que leur pertinence.<\/p><p><strong>Liens entrants<\/strong><\/p><p>Le propri\u00e9taire du site autorise les liens hypertextes vers l\u2019une des pages de ce site, \u00e0 condition que ceux-ci ouvrent une nouvelle fen\u00eatre et soient pr\u00e9sent\u00e9s de mani\u00e8re non \u00e9quivoque afin d\u2019\u00e9viter :<\/p><ul><li>tout risque de confusion entre le site citant et le propri\u00e9taire du site<\/li><li>ainsi que toute pr\u00e9sentation tendancieuse, ou contraire aux lois en vigueur.<\/li><\/ul><p>Le propri\u00e9taire du site se r\u00e9serve le droit de demander la suppression d\u2019un lien s\u2019il estime que le site source ne respecte pas les r\u00e8gles ainsi d\u00e9finies.<\/p><h2>Confidentialit\u00e9<\/h2><p>Tout utilisateur dispose d\u2019un droit d\u2019acc\u00e8s, de rectification et d\u2019opposition aux donn\u00e9es personnelles le concernant, en effectuant sa demande \u00e9crite et sign\u00e9e, accompagn\u00e9e d\u2019une preuve d\u2019identit\u00e9.\u00a0<sup id=\"fnref-53-5\"><a href=\"https:\/\/softouring.fr\/index.php\/mentions-legales\/\">4<\/a><\/sup><sup id=\"fnref-53-7\"><\/sup><sup id=\"fnref-53-8\"><\/sup><sup id=\"fnref-53-6\"><\/sup><\/p><p>Le site ne recueille pas d\u2019informations personnelles, et n\u2019est pas assujetti \u00e0 d\u00e9claration \u00e0 la CNIL.<\/p><h2>Cr\u00e9dits<\/h2><ul><li>Ic\u00f4nes : FontAwesome, FlatIcons &amp; divers<\/li><li>Photographies : Ovalpics-Ph.Charpy &amp; divers<\/li><\/ul><hr \/><p><a href=\"http:\/\/webexpress.fr\/\" rel=\"external noopener noreferrer\" data-wpel-link=\"external\">Mentions l\u00e9gales fournies par WebExpress \u2013 Version 1.3<\/a>\u00a0\u2013 Utilisation libre sous\u00a0<a href=\"http:\/\/creativecommons.org\/licenses\/by-nc-nd\/3.0\/fr\/\" rel=\"external noopener noreferrer\" data-wpel-link=\"external\">Licence Creative Commons CC BY-NC-ND 3.0 FR \/ creativecommons.org<\/a>.<\/p><div class=\"footnotes\"><hr \/><ol><li id=\"fn-53-1\">Articles L111-1 et suivants du Code de la Propri\u00e9t\u00e9 Intellectuelle du 1er juillet 1992\u00a0<a href=\"https:\/\/www.c-atoa.com\/contact\/mentions-legales\/#fnref-53-1\">\u21a9<\/a><\/li><li id=\"fn-53-2\">Article 41 de la loi du 11 mars 1957\u00a0<a href=\"https:\/\/www.c-atoa.com\/contact\/mentions-legales\/#fnref-53-2\">\u21a9<\/a><\/li><li id=\"fn-53-3\">Article L. 226-13 du Code p\u00e9nal et la Directive Europ\u00e9enne du 24 octobre 1995\u00a0<a href=\"https:\/\/www.c-atoa.com\/contact\/mentions-legales\/#fnref-53-3\">\u21a9<\/a><\/li><li id=\"fn-53-9\">Articles L.335-2 et suivants du Code de Propri\u00e9t\u00e9 Intellectuelle\u00a0<a href=\"https:\/\/www.c-atoa.com\/contact\/mentions-legales\/#fnref-53-9\">\u21a9<\/a><\/li><li id=\"fn-53-5\">Loi n\u00b0 78-87 du 6 janvier 1978, modifi\u00e9e par la loi n\u00b0 2004-801 du 6 ao\u00fbt 2004, relative \u00e0 l\u2019informatique, aux fichiers et aux libert\u00e9s\u00a0<a href=\"https:\/\/www.c-atoa.com\/contact\/mentions-legales\/#fnref-53-5\">\u21a9<\/a><\/li><li id=\"fn-53-7\">Articles 38 et suivants de la loi 78-17 du 6 janvier 1978 relative \u00e0 l\u2019informatique, aux fichiers et aux libert\u00e9s\u00a0<a href=\"https:\/\/www.c-atoa.com\/contact\/mentions-legales\/#fnref-53-7\">\u21a9<\/a><\/li><li id=\"fn-53-8\">Loi du 1er juillet 1998 transposant la directive 96\/9 du 11 mars 1996 relative \u00e0 la protection juridique des bases de donn\u00e9es\u00a0<a href=\"https:\/\/www.c-atoa.com\/contact\/mentions-legales\/#fnref-53-8\">\u21a9<\/a><\/li><li id=\"fn-53-6\">Loi n\u00b0 2004-801 du 6 ao\u00fbt 2004\u00a0<a href=\"https:\/\/www.c-atoa.com\/contact\/mentions-legales\/#fnref-53-6\">\u21a9<\/a><\/li><li id=\"fn-53-4\">Article 6 de la\u00a0<a href=\"https:\/\/www.legifrance.gouv.fr\/affichTexte.do?cidTexte=JORFTEXT000000801164&amp;dateTexte=20160619\" rel=\"external noopener noreferrer\" data-wpel-link=\"external\">loi n\u00b0 2004-575 du 21 juin 2004<\/a>\u00a0pour la confiance dans l\u2019\u00e9conomie num\u00e9rique\u00a0<a href=\"https:\/\/www.c-atoa.com\/contact\/mentions-legales\/#fnref-53-4\">\u21a9<\/a><\/li><\/ol><\/div>\t\t\t\t\t\t\t\t<\/div>\n\t\t\t\t<\/div>\n\t\t\t\t\t<\/div>\n\t\t\t\t<\/div>\n\t\t<div class=\"elementor-element elementor-element-cd1020e e-flex e-con-boxed e-con e-parent\" data-id=\"cd1020e\" data-element_type=\"container\">\n\t\t\t\t\t<div class=\"e-con-inner\">\n\t\t\t\t<div class=\"elementor-element elementor-element-2ed2e01 e-grid-align-right elementor-shape-rounded elementor-grid-0 elementor-widget elementor-widget-social-icons\" data-id=\"2ed2e01\" data-element_type=\"widget\" data-widget_type=\"social-icons.default\">\n\t\t\t\t<div class=\"elementor-widget-container\">\n\t\t\t\t\t\t\t<div class=\"elementor-social-icons-wrapper elementor-grid\">\n\t\t\t\t\t\t\t<span class=\"elementor-grid-item\">\n\t\t\t\t\t<a class=\"elementor-icon elementor-social-icon elementor-social-icon-linkedin elementor-repeater-item-803ab6d\" href=\"https:\/\/www.linkedin.com\/company\/110017043\/admin\/dashboard\/\" target=\"_blank\">\n\t\t\t\t\t\t<span class=\"elementor-screen-only\">Linkedin<\/span>\n\t\t\t\t\t\t<svg aria-hidden=\"true\" class=\"e-font-icon-svg e-fab-linkedin\" viewBox=\"0 0 448 512\" xmlns=\"http:\/\/www.w3.org\/2000\/svg\"><path d=\"M416 32H31.9C14.3 32 0 46.5 0 64.3v383.4C0 465.5 14.3 480 31.9 480H416c17.6 0 32-14.5 32-32.3V64.3c0-17.8-14.4-32.3-32-32.3zM135.4 416H69V202.2h66.5V416zm-33.2-243c-21.3 0-38.5-17.3-38.5-38.5S80.9 96 102.2 96c21.2 0 38.5 17.3 38.5 38.5 0 21.3-17.2 38.5-38.5 38.5zm282.1 243h-66.4V312c0-24.8-.5-56.7-34.5-56.7-34.6 0-39.9 27-39.9 54.9V416h-66.4V202.2h63.7v29.2h.9c8.9-16.8 30.6-34.5 62.9-34.5 67.2 0 79.7 44.3 79.7 101.9V416z\"><\/path><\/svg>\t\t\t\t\t<\/a>\n\t\t\t\t<\/span>\n\t\t\t\t\t<\/div>\n\t\t\t\t\t\t<\/div>\n\t\t\t\t<\/div>\n\t\t\t\t\t<\/div>\n\t\t\t\t<\/div>\n\t\t\t\t<\/div>\n\t\t","protected":false},"excerpt":{"rendered":"<p>Identit\u00e9 Nom du site web :\u00a0softouringAdresse :\u00a0http:\/\/www.softouring.fr\/Propri\u00e9taire : SoftouringResponsable de publication : Softouring | Contacter\u2026 Conception et r\u00e9alisation : SoftouringAnimation : Softouring Personne morale Softouring \u2013 SAS au capital de XXX euros \u2013 RCS de Paris \u2013 13 rue Beudant \u2013 78017 Paris \u2013 06 68 14 46 20 \u2013 contact@parisontheway.fr Conditions d\u2019utilisation L\u2019utilisation du [&hellip;]<\/p>\n","protected":false},"author":1,"featured_media":0,"parent":0,"menu_order":0,"comment_status":"closed","ping_status":"closed","template":"","meta":{"footnotes":""},"class_list":["post-479","page","type-page","status-publish","hentry"],"_links":{"self":[{"href":"https:\/\/softouring.fr\/index.php\/wp-json\/wp\/v2\/pages\/479","targetHints":{"allow":["GET"]}}],"collection":[{"href":"https:\/\/softouring.fr\/index.php\/wp-json\/wp\/v2\/pages"}],"about":[{"href":"https:\/\/softouring.fr\/index.php\/wp-json\/wp\/v2\/types\/page"}],"author":[{"embeddable":true,"href":"https:\/\/softouring.fr\/index.php\/wp-json\/wp\/v2\/users\/1"}],"replies":[{"embeddable":true,"href":"https:\/\/softouring.fr\/index.php\/wp-json\/wp\/v2\/comments?post=479"}],"version-history":[{"count":19,"href":"https:\/\/softouring.fr\/index.php\/wp-json\/wp\/v2\/pages\/479\/revisions"}],"predecessor-version":[{"id":707,"href":"https:\/\/softouring.fr\/index.php\/wp-json\/wp\/v2\/pages\/479\/revisions\/707"}],"wp:attachment":[{"href":"https:\/\/softouring.fr\/index.php\/wp-json\/wp\/v2\/media?parent=479"}],"curies":[{"name":"wp","href":"https:\/\/api.w.org\/{rel}","templated":true}]}}